{"id":5113,"date":"2023-12-19T15:49:32","date_gmt":"2023-12-19T15:49:32","guid":{"rendered":"https:\/\/test.belemdopara.org\/cim_mesecvi\/?page_id=5113"},"modified":"2024-09-03T23:29:31","modified_gmt":"2024-09-03T23:29:31","slug":"third-hemispheric-report-on-the-implementation-of-the-belem-do-para-convention","status":"publish","type":"page","link":"https:\/\/test.belemdopara.org\/cim_mesecvi\/third-hemispheric-report-on-the-implementation-of-the-belem-do-para-convention\/","title":{"rendered":"Third Hemispheric Report on the Implementation of the Bel\u00e9m do Par\u00e1 Convention"},"content":{"rendered":"\t\t<div data-elementor-type=\"wp-page\" data-elementor-id=\"5113\" class=\"elementor elementor-5113\" data-elementor-settings=\"{&quot;ha_cmc_init_switcher&quot;:&quot;no&quot;}\" data-elementor-post-type=\"page\">\n\t\t\t\t\t\t<section class=\"elementor-section elementor-top-section elementor-element elementor-element-7dba5321 elementor-section-full_width elementor-section-height-default elementor-section-height-default\" data-id=\"7dba5321\" data-element_type=\"section\" data-settings=\"{&quot;_ha_eqh_enable&quot;:false}\">\n\t\t\t\t\t\t<div class=\"elementor-container elementor-column-gap-default\">\n\t\t\t\t\t\t<\/div>\n\t\t<\/section>\n\t\t\t\t<section class=\"elementor-section elementor-top-section elementor-element elementor-element-146cb737 elementor-section-full_width elementor-section-height-default elementor-section-height-default\" data-id=\"146cb737\" data-element_type=\"section\" data-settings=\"{&quot;background_background&quot;:&quot;classic&quot;,&quot;_ha_eqh_enable&quot;:false}\">\n\t\t\t\t\t\t<div class=\"elementor-container elementor-column-gap-default\">\n\t\t\t\t\t<div class=\"elementor-column elementor-col-100 elementor-top-column elementor-element elementor-element-10b63ffc\" data-id=\"10b63ffc\" data-element_type=\"column\">\n\t\t\t<div class=\"elementor-widget-wrap elementor-element-populated\">\n\t\t\t\t\t\t<div class=\"elementor-element elementor-element-2cbac54d elementor-widget elementor-widget-ha-page-title happy-addon ha-page-title\" data-id=\"2cbac54d\" data-element_type=\"widget\" data-widget_type=\"ha-page-title.default\">\n\t\t\t\t<div class=\"elementor-widget-container\">\n\t\t\t\t\t<h1 class=\"ha-page-title elementor-size-default\">Third Hemispheric Report on the Implementation of the Bel\u00e9m do Par\u00e1 Convention<\/h1>\t\t\t\t<\/div>\n\t\t\t\t<\/div>\n\t\t\t\t<div class=\"elementor-element elementor-element-50b00bef elementor-align-left elementor-widget elementor-widget-breadcrumbs\" data-id=\"50b00bef\" data-element_type=\"widget\" data-widget_type=\"breadcrumbs.default\">\n\t\t\t\t<div class=\"elementor-widget-container\">\n\t\t\t\t\t<p id=\"breadcrumbs\"><span><span><a href=\"https:\/\/test.belemdopara.org\/cim_mesecvi\/\">Portada<\/a><\/span><\/span><\/p>\t\t\t\t<\/div>\n\t\t\t\t<\/div>\n\t\t\t\t<div class=\"elementor-element elementor-element-5dd680f elementor-widget elementor-widget-spacer\" data-id=\"5dd680f\" data-element_type=\"widget\" data-widget_type=\"spacer.default\">\n\t\t\t\t<div class=\"elementor-widget-container\">\n\t\t\t\t\t\t\t<div class=\"elementor-spacer\">\n\t\t\t<div class=\"elementor-spacer-inner\"><\/div>\n\t\t<\/div>\n\t\t\t\t\t\t<\/div>\n\t\t\t\t<\/div>\n\t\t\t\t\t<\/div>\n\t\t<\/div>\n\t\t\t\t\t<\/div>\n\t\t<\/section>\n\t\t\t\t<section class=\"elementor-section elementor-top-section elementor-element elementor-element-45bab111 elementor-section-boxed elementor-section-height-default elementor-section-height-default\" data-id=\"45bab111\" data-element_type=\"section\" data-settings=\"{&quot;_ha_eqh_enable&quot;:false}\">\n\t\t\t\t\t\t<div class=\"elementor-container elementor-column-gap-default\">\n\t\t\t\t\t<div class=\"elementor-column elementor-col-100 elementor-top-column elementor-element elementor-element-c61d0d0\" data-id=\"c61d0d0\" data-element_type=\"column\">\n\t\t\t<div class=\"elementor-widget-wrap elementor-element-populated\">\n\t\t\t\t\t\t<div class=\"elementor-element elementor-element-1a49855f elementor-widget elementor-widget-spacer\" data-id=\"1a49855f\" data-element_type=\"widget\" data-widget_type=\"spacer.default\">\n\t\t\t\t<div class=\"elementor-widget-container\">\n\t\t\t\t\t\t\t<div class=\"elementor-spacer\">\n\t\t\t<div class=\"elementor-spacer-inner\"><\/div>\n\t\t<\/div>\n\t\t\t\t\t\t<\/div>\n\t\t\t\t<\/div>\n\t\t\t\t\t<\/div>\n\t\t<\/div>\n\t\t\t\t\t<\/div>\n\t\t<\/section>\n\t\t\t\t<section class=\"elementor-section elementor-top-section elementor-element elementor-element-55f38144 elementor-section-boxed elementor-section-height-default elementor-section-height-default\" data-id=\"55f38144\" data-element_type=\"section\" data-settings=\"{&quot;_ha_eqh_enable&quot;:false}\">\n\t\t\t\t\t\t<div class=\"elementor-container elementor-column-gap-default\">\n\t\t\t\t\t<div class=\"elementor-column elementor-col-33 elementor-top-column elementor-element elementor-element-1332f8b7\" data-id=\"1332f8b7\" data-element_type=\"column\">\n\t\t\t<div class=\"elementor-widget-wrap elementor-element-populated\">\n\t\t\t\t\t\t<div class=\"elementor-element elementor-element-2fe2795 elementor-widget elementor-widget-html\" data-id=\"2fe2795\" data-element_type=\"widget\" data-widget_type=\"html.default\">\n\t\t\t\t<div class=\"elementor-widget-container\">\n\t\t\t\t\t    <div class=\"image-container\">\r\n        <img decoding=\"async\" src=\"https:\/\/test.belemdopara.org\/wp-content\/uploads\/2024\/08\/2-1-1.png\" alt=\"Imagen centrada\" class=\"centered-image\">\r\n    <\/div>\t\t\t\t<\/div>\n\t\t\t\t<\/div>\n\t\t\t\t<div class=\"elementor-element elementor-element-6bd0e462 elementor-widget-divider--view-line elementor-widget elementor-widget-divider\" data-id=\"6bd0e462\" data-element_type=\"widget\" data-widget_type=\"divider.default\">\n\t\t\t\t<div class=\"elementor-widget-container\">\n\t\t\t\t\t\t\t<div class=\"elementor-divider\">\n\t\t\t<span class=\"elementor-divider-separator\">\n\t\t\t\t\t\t<\/span>\n\t\t<\/div>\n\t\t\t\t\t\t<\/div>\n\t\t\t\t<\/div>\n\t\t\t\t<div class=\"elementor-element elementor-element-18ed0586 elementor-widget elementor-widget-text-editor\" data-id=\"18ed0586\" data-element_type=\"widget\" data-widget_type=\"text-editor.default\">\n\t\t\t\t<div class=\"elementor-widget-container\">\n\t\t\t\t\t\t\t\t\t<p><strong>Third Hemispheric Report on the Implementation of the Bel\u00e9m do Par\u00e1 Convention<\/strong><\/p>\t\t\t\t\t\t\t\t<\/div>\n\t\t\t\t<\/div>\n\t\t\t\t\t<\/div>\n\t\t<\/div>\n\t\t\t\t<div class=\"elementor-column elementor-col-66 elementor-top-column elementor-element elementor-element-6653e5da\" data-id=\"6653e5da\" data-element_type=\"column\">\n\t\t\t<div class=\"elementor-widget-wrap elementor-element-populated\">\n\t\t\t\t\t\t<div class=\"elementor-element elementor-element-553747a1 elementor-widget elementor-widget-heading\" data-id=\"553747a1\" data-element_type=\"widget\" data-widget_type=\"heading.default\">\n\t\t\t\t<div class=\"elementor-widget-container\">\n\t\t\t\t\t<h2 class=\"elementor-heading-title elementor-size-default\">Overview<\/h2>\t\t\t\t<\/div>\n\t\t\t\t<\/div>\n\t\t\t\t<div class=\"elementor-element elementor-element-6c657611 elementor-widget-divider--view-line elementor-widget elementor-widget-divider\" data-id=\"6c657611\" data-element_type=\"widget\" data-widget_type=\"divider.default\">\n\t\t\t\t<div class=\"elementor-widget-container\">\n\t\t\t\t\t\t\t<div class=\"elementor-divider\">\n\t\t\t<span class=\"elementor-divider-separator\">\n\t\t\t\t\t\t<\/span>\n\t\t<\/div>\n\t\t\t\t\t\t<\/div>\n\t\t\t\t<\/div>\n\t\t\t\t<div class=\"elementor-element elementor-element-6120fc4d elementor-widget elementor-widget-text-editor\" data-id=\"6120fc4d\" data-element_type=\"widget\" data-widget_type=\"text-editor.default\">\n\t\t\t\t<div class=\"elementor-widget-container\">\n\t\t\t\t\t\t\t\t\t<p align=\"justify\">This report presents the progress of 24 countries in the region in the effective compliance with the obligations assumed upon ratification of the Convention of Bel\u00e9m do Par\u00e1. With the inputs provided by the States, as well as by 26 civil society organizations that submitted 24 national and 2 regional shadow reports, the Committee of Experts and the Technical Secretariat conducted an in-depth study of each response in light of the standards established in the Convention in relation to the following thematic axes: Legislation, National Plans, Access to Justice, National Budgets and Information and Statistics, offering recommendations to the States to strengthen their implementation from a perspective of the obligations of prevention contained in the Convention.<\/p><p align=\"justify\">Download the full publication in\u00a0<a href=\"https:\/\/test.belemdopara.org\/wp-content\/uploads\/2021\/12\/TercerInformeHemisferico-EN.pdf\" target=\"_blank\" rel=\"noopener\">English<\/a>\u00a0or\u00a0<a href=\"https:\/\/test.belemdopara.org\/wp-content\/uploads\/2021\/12\/TercerInformeHemisferico-ES.pdf\" target=\"_blank\" rel=\"noopener\">Spanish<\/a><\/p>\t\t\t\t\t\t\t\t<\/div>\n\t\t\t\t<\/div>\n\t\t\t\t<div class=\"elementor-element elementor-element-575a6459 elementor-widget-divider--view-line elementor-widget elementor-widget-divider\" data-id=\"575a6459\" data-element_type=\"widget\" data-widget_type=\"divider.default\">\n\t\t\t\t<div class=\"elementor-widget-container\">\n\t\t\t\t\t\t\t<div class=\"elementor-divider\">\n\t\t\t<span class=\"elementor-divider-separator\">\n\t\t\t\t\t\t<\/span>\n\t\t<\/div>\n\t\t\t\t\t\t<\/div>\n\t\t\t\t<\/div>\n\t\t\t\t\t<\/div>\n\t\t<\/div>\n\t\t\t\t\t<\/div>\n\t\t<\/section>\n\t\t\t\t<\/div>\n\t\t","protected":false},"excerpt":{"rendered":"<p>Third Hemispheric Report on the Implementation of the Bel\u00e9m do Par\u00e1 Convention Third Hemispheric Report on the Implementation of the Bel\u00e9m do Par\u00e1 Convention Overview This report presents the progress of 24 countries in the region in the effective compliance with the obligations assumed upon ratification of the Convention of Bel\u00e9m do Par\u00e1. With the [&hellip;]<\/p>\n","protected":false},"author":2,"featured_media":0,"parent":0,"menu_order":0,"comment_status":"closed","ping_status":"closed","template":"","meta":{"site-sidebar-layout":"no-sidebar","site-content-layout":"page-builder","ast-site-content-layout":"full-width-container","site-content-style":"default","site-sidebar-style":"default","ast-global-header-display":"","ast-banner-title-visibility":"","ast-main-header-display":"","ast-hfb-above-header-display":"","ast-hfb-below-header-display":"","ast-hfb-mobile-header-display":"","site-post-title":"disabled","ast-breadcrumbs-content":"","ast-featured-img":"disabled","footer-sml-layout":"","theme-transparent-header-meta":"","adv-header-id-meta":"","stick-header-meta":"","header-above-stick-meta":"","header-main-stick-meta":"","header-below-stick-meta":"","astra-migrate-meta-layouts":"set","ast-page-background-enabled":"default","ast-page-background-meta":{"desktop":{"background-color":"var(--ast-global-color-4)","background-image":"","background-repeat":"repeat","background-position":"center center","background-size":"auto","background-attachment":"scroll","background-type":"","background-media":"","overlay-type":"","overlay-color":"","overlay-opacity":"","overlay-gradient":""},"tablet":{"background-color":"","background-image":"","background-repeat":"repeat","background-position":"center center","background-size":"auto","background-attachment":"scroll","background-type":"","background-media":"","overlay-type":"","overlay-color":"","overlay-opacity":"","overlay-gradient":""},"mobile":{"background-color":"","background-image":"","background-repeat":"repeat","background-position":"center center","background-size":"auto","background-attachment":"scroll","background-type":"","background-media":"","overlay-type":"","overlay-color":"","overlay-opacity":"","overlay-gradient":""}},"ast-content-background-meta":{"desktop":{"background-color":"var(--ast-global-color-5)","background-image":"","background-repeat":"repeat","background-position":"center center","background-size":"auto","background-attachment":"scroll","background-type":"","background-media":"","overlay-type":"","overlay-color":"","overlay-opacity":"","overlay-gradient":""},"tablet":{"background-color":"var(--ast-global-color-5)","background-image":"","background-repeat":"repeat","background-position":"center center","background-size":"auto","background-attachment":"scroll","background-type":"","background-media":"","overlay-type":"","overlay-color":"","overlay-opacity":"","overlay-gradient":""},"mobile":{"background-color":"var(--ast-global-color-5)","background-image":"","background-repeat":"repeat","background-position":"center center","background-size":"auto","background-attachment":"scroll","background-type":"","background-media":"","overlay-type":"","overlay-color":"","overlay-opacity":"","overlay-gradient":""}},"footnotes":""},"class_list":["post-5113","page","type-page","status-publish","hentry"],"yoast_head":"<!-- This site is optimized with the Yoast SEO plugin v26.0 - https:\/\/yoast.com\/wordpress\/plugins\/seo\/ -->\n<title>Third Hemispheric Report on the Implementation of the Bel\u00e9m do Par\u00e1 Convention - MESECVI_EN<\/title>\n<meta name=\"robots\" content=\"index, follow, max-snippet:-1, max-image-preview:large, max-video-preview:-1\" \/>\n<link rel=\"canonical\" href=\"https:\/\/test.belemdopara.org\/cim_mesecvi\/third-hemispheric-report-on-the-implementation-of-the-belem-do-para-convention\/\" \/>\n<meta property=\"og:locale\" content=\"es_ES\" \/>\n<meta property=\"og:type\" content=\"article\" \/>\n<meta property=\"og:title\" content=\"Third Hemispheric Report on the Implementation of the Bel\u00e9m do Par\u00e1 Convention - MESECVI_EN\" \/>\n<meta property=\"og:description\" content=\"Third Hemispheric Report on the Implementation of the Bel\u00e9m do Par\u00e1 Convention Third Hemispheric Report on the Implementation of the Bel\u00e9m do Par\u00e1 Convention Overview This report presents the progress of 24 countries in the region in the effective compliance with the obligations assumed upon ratification of the Convention of Bel\u00e9m do Par\u00e1. With the [&hellip;]\" \/>\n<meta property=\"og:url\" content=\"https:\/\/test.belemdopara.org\/cim_mesecvi\/third-hemispheric-report-on-the-implementation-of-the-belem-do-para-convention\/\" \/>\n<meta property=\"og:site_name\" content=\"MESECVI_EN\" \/>\n<meta property=\"article:modified_time\" content=\"2024-09-03T23:29:31+00:00\" \/>\n<meta property=\"og:image\" content=\"https:\/\/test.belemdopara.org\/wp-content\/uploads\/2024\/08\/2-1-1.png\" \/>\n<meta name=\"twitter:card\" content=\"summary_large_image\" \/>\n<meta name=\"twitter:label1\" content=\"Tiempo de lectura\" \/>\n\t<meta name=\"twitter:data1\" content=\"1 minuto\" \/>\n<script type=\"application\/ld+json\" class=\"yoast-schema-graph\">{\"@context\":\"https:\/\/schema.org\",\"@graph\":[{\"@type\":\"WebPage\",\"@id\":\"https:\/\/test.belemdopara.org\/cim_mesecvi\/third-hemispheric-report-on-the-implementation-of-the-belem-do-para-convention\/\",\"url\":\"https:\/\/test.belemdopara.org\/cim_mesecvi\/third-hemispheric-report-on-the-implementation-of-the-belem-do-para-convention\/\",\"name\":\"Third Hemispheric Report on the Implementation of the Bel\u00e9m do Par\u00e1 Convention - MESECVI_EN\",\"isPartOf\":{\"@id\":\"https:\/\/test.belemdopara.org\/cim_mesecvi\/#website\"},\"primaryImageOfPage\":{\"@id\":\"https:\/\/test.belemdopara.org\/cim_mesecvi\/third-hemispheric-report-on-the-implementation-of-the-belem-do-para-convention\/#primaryimage\"},\"image\":{\"@id\":\"https:\/\/test.belemdopara.org\/cim_mesecvi\/third-hemispheric-report-on-the-implementation-of-the-belem-do-para-convention\/#primaryimage\"},\"thumbnailUrl\":\"https:\/\/test.belemdopara.org\/wp-content\/uploads\/2024\/08\/2-1-1.png\",\"datePublished\":\"2023-12-19T15:49:32+00:00\",\"dateModified\":\"2024-09-03T23:29:31+00:00\",\"breadcrumb\":{\"@id\":\"https:\/\/test.belemdopara.org\/cim_mesecvi\/third-hemispheric-report-on-the-implementation-of-the-belem-do-para-convention\/#breadcrumb\"},\"inLanguage\":\"es\",\"potentialAction\":[{\"@type\":\"ReadAction\",\"target\":[\"https:\/\/test.belemdopara.org\/cim_mesecvi\/third-hemispheric-report-on-the-implementation-of-the-belem-do-para-convention\/\"]}]},{\"@type\":\"ImageObject\",\"inLanguage\":\"es\",\"@id\":\"https:\/\/test.belemdopara.org\/cim_mesecvi\/third-hemispheric-report-on-the-implementation-of-the-belem-do-para-convention\/#primaryimage\",\"url\":\"https:\/\/test.belemdopara.org\/wp-content\/uploads\/2024\/08\/2-1-1.png\",\"contentUrl\":\"https:\/\/test.belemdopara.org\/wp-content\/uploads\/2024\/08\/2-1-1.png\"},{\"@type\":\"BreadcrumbList\",\"@id\":\"https:\/\/test.belemdopara.org\/cim_mesecvi\/third-hemispheric-report-on-the-implementation-of-the-belem-do-para-convention\/#breadcrumb\",\"itemListElement\":[{\"@type\":\"ListItem\",\"position\":1,\"name\":\"Portada\",\"item\":\"https:\/\/test.belemdopara.org\/cim_mesecvi\/\"},{\"@type\":\"ListItem\",\"position\":2,\"name\":\"Third Hemispheric Report on the Implementation of the Bel\u00e9m do Par\u00e1 Convention\"}]},{\"@type\":\"WebSite\",\"@id\":\"https:\/\/test.belemdopara.org\/cim_mesecvi\/#website\",\"url\":\"https:\/\/test.belemdopara.org\/cim_mesecvi\/\",\"name\":\"MESECVI_EN\",\"description\":\"\",\"publisher\":{\"@id\":\"https:\/\/test.belemdopara.org\/cim_mesecvi\/#organization\"},\"potentialAction\":[{\"@type\":\"SearchAction\",\"target\":{\"@type\":\"EntryPoint\",\"urlTemplate\":\"https:\/\/test.belemdopara.org\/cim_mesecvi\/?s={search_term_string}\"},\"query-input\":{\"@type\":\"PropertyValueSpecification\",\"valueRequired\":true,\"valueName\":\"search_term_string\"}}],\"inLanguage\":\"es\"},{\"@type\":\"Organization\",\"@id\":\"https:\/\/test.belemdopara.org\/cim_mesecvi\/#organization\",\"name\":\"MESECVI_EN\",\"url\":\"https:\/\/test.belemdopara.org\/cim_mesecvi\/\",\"logo\":{\"@type\":\"ImageObject\",\"inLanguage\":\"es\",\"@id\":\"https:\/\/test.belemdopara.org\/cim_mesecvi\/#\/schema\/logo\/image\/\",\"url\":\"https:\/\/test.belemdopara.org\/cim_mesecvi\/wp-content\/uploads\/sites\/2\/2021\/12\/Logo-OEA_CIM_MESECVI-04.png\",\"contentUrl\":\"https:\/\/test.belemdopara.org\/cim_mesecvi\/wp-content\/uploads\/sites\/2\/2021\/12\/Logo-OEA_CIM_MESECVI-04.png\",\"width\":1667,\"height\":2333,\"caption\":\"MESECVI_EN\"},\"image\":{\"@id\":\"https:\/\/test.belemdopara.org\/cim_mesecvi\/#\/schema\/logo\/image\/\"}}]}<\/script>\n<!-- \/ Yoast SEO plugin. -->","yoast_head_json":{"title":"Third Hemispheric Report on the Implementation of the Bel\u00e9m do Par\u00e1 Convention - MESECVI_EN","robots":{"index":"index","follow":"follow","max-snippet":"max-snippet:-1","max-image-preview":"max-image-preview:large","max-video-preview":"max-video-preview:-1"},"canonical":"https:\/\/test.belemdopara.org\/cim_mesecvi\/third-hemispheric-report-on-the-implementation-of-the-belem-do-para-convention\/","og_locale":"es_ES","og_type":"article","og_title":"Third Hemispheric Report on the Implementation of the Bel\u00e9m do Par\u00e1 Convention - MESECVI_EN","og_description":"Third Hemispheric Report on the Implementation of the Bel\u00e9m do Par\u00e1 Convention Third Hemispheric Report on the Implementation of the Bel\u00e9m do Par\u00e1 Convention Overview This report presents the progress of 24 countries in the region in the effective compliance with the obligations assumed upon ratification of the Convention of Bel\u00e9m do Par\u00e1. With the [&hellip;]","og_url":"https:\/\/test.belemdopara.org\/cim_mesecvi\/third-hemispheric-report-on-the-implementation-of-the-belem-do-para-convention\/","og_site_name":"MESECVI_EN","article_modified_time":"2024-09-03T23:29:31+00:00","og_image":[{"url":"https:\/\/test.belemdopara.org\/wp-content\/uploads\/2024\/08\/2-1-1.png","type":"","width":"","height":""}],"twitter_card":"summary_large_image","twitter_misc":{"Tiempo de lectura":"1 minuto"},"schema":{"@context":"https:\/\/schema.org","@graph":[{"@type":"WebPage","@id":"https:\/\/test.belemdopara.org\/cim_mesecvi\/third-hemispheric-report-on-the-implementation-of-the-belem-do-para-convention\/","url":"https:\/\/test.belemdopara.org\/cim_mesecvi\/third-hemispheric-report-on-the-implementation-of-the-belem-do-para-convention\/","name":"Third Hemispheric Report on the Implementation of the Bel\u00e9m do Par\u00e1 Convention - MESECVI_EN","isPartOf":{"@id":"https:\/\/test.belemdopara.org\/cim_mesecvi\/#website"},"primaryImageOfPage":{"@id":"https:\/\/test.belemdopara.org\/cim_mesecvi\/third-hemispheric-report-on-the-implementation-of-the-belem-do-para-convention\/#primaryimage"},"image":{"@id":"https:\/\/test.belemdopara.org\/cim_mesecvi\/third-hemispheric-report-on-the-implementation-of-the-belem-do-para-convention\/#primaryimage"},"thumbnailUrl":"https:\/\/test.belemdopara.org\/wp-content\/uploads\/2024\/08\/2-1-1.png","datePublished":"2023-12-19T15:49:32+00:00","dateModified":"2024-09-03T23:29:31+00:00","breadcrumb":{"@id":"https:\/\/test.belemdopara.org\/cim_mesecvi\/third-hemispheric-report-on-the-implementation-of-the-belem-do-para-convention\/#breadcrumb"},"inLanguage":"es","potentialAction":[{"@type":"ReadAction","target":["https:\/\/test.belemdopara.org\/cim_mesecvi\/third-hemispheric-report-on-the-implementation-of-the-belem-do-para-convention\/"]}]},{"@type":"ImageObject","inLanguage":"es","@id":"https:\/\/test.belemdopara.org\/cim_mesecvi\/third-hemispheric-report-on-the-implementation-of-the-belem-do-para-convention\/#primaryimage","url":"https:\/\/test.belemdopara.org\/wp-content\/uploads\/2024\/08\/2-1-1.png","contentUrl":"https:\/\/test.belemdopara.org\/wp-content\/uploads\/2024\/08\/2-1-1.png"},{"@type":"BreadcrumbList","@id":"https:\/\/test.belemdopara.org\/cim_mesecvi\/third-hemispheric-report-on-the-implementation-of-the-belem-do-para-convention\/#breadcrumb","itemListElement":[{"@type":"ListItem","position":1,"name":"Portada","item":"https:\/\/test.belemdopara.org\/cim_mesecvi\/"},{"@type":"ListItem","position":2,"name":"Third Hemispheric Report on the Implementation of the Bel\u00e9m do Par\u00e1 Convention"}]},{"@type":"WebSite","@id":"https:\/\/test.belemdopara.org\/cim_mesecvi\/#website","url":"https:\/\/test.belemdopara.org\/cim_mesecvi\/","name":"MESECVI_EN","description":"","publisher":{"@id":"https:\/\/test.belemdopara.org\/cim_mesecvi\/#organization"},"potentialAction":[{"@type":"SearchAction","target":{"@type":"EntryPoint","urlTemplate":"https:\/\/test.belemdopara.org\/cim_mesecvi\/?s={search_term_string}"},"query-input":{"@type":"PropertyValueSpecification","valueRequired":true,"valueName":"search_term_string"}}],"inLanguage":"es"},{"@type":"Organization","@id":"https:\/\/test.belemdopara.org\/cim_mesecvi\/#organization","name":"MESECVI_EN","url":"https:\/\/test.belemdopara.org\/cim_mesecvi\/","logo":{"@type":"ImageObject","inLanguage":"es","@id":"https:\/\/test.belemdopara.org\/cim_mesecvi\/#\/schema\/logo\/image\/","url":"https:\/\/test.belemdopara.org\/cim_mesecvi\/wp-content\/uploads\/sites\/2\/2021\/12\/Logo-OEA_CIM_MESECVI-04.png","contentUrl":"https:\/\/test.belemdopara.org\/cim_mesecvi\/wp-content\/uploads\/sites\/2\/2021\/12\/Logo-OEA_CIM_MESECVI-04.png","width":1667,"height":2333,"caption":"MESECVI_EN"},"image":{"@id":"https:\/\/test.belemdopara.org\/cim_mesecvi\/#\/schema\/logo\/image\/"}}]}},"_links":{"self":[{"href":"https:\/\/test.belemdopara.org\/cim_mesecvi\/wp-json\/wp\/v2\/pages\/5113","targetHints":{"allow":["GET"]}}],"collection":[{"href":"https:\/\/test.belemdopara.org\/cim_mesecvi\/wp-json\/wp\/v2\/pages"}],"about":[{"href":"https:\/\/test.belemdopara.org\/cim_mesecvi\/wp-json\/wp\/v2\/types\/page"}],"author":[{"embeddable":true,"href":"https:\/\/test.belemdopara.org\/cim_mesecvi\/wp-json\/wp\/v2\/users\/2"}],"replies":[{"embeddable":true,"href":"https:\/\/test.belemdopara.org\/cim_mesecvi\/wp-json\/wp\/v2\/comments?post=5113"}],"version-history":[{"count":11,"href":"https:\/\/test.belemdopara.org\/cim_mesecvi\/wp-json\/wp\/v2\/pages\/5113\/revisions"}],"predecessor-version":[{"id":5848,"href":"https:\/\/test.belemdopara.org\/cim_mesecvi\/wp-json\/wp\/v2\/pages\/5113\/revisions\/5848"}],"wp:attachment":[{"href":"https:\/\/test.belemdopara.org\/cim_mesecvi\/wp-json\/wp\/v2\/media?parent=5113"}],"curies":[{"name":"wp","href":"https:\/\/api.w.org\/{rel}","templated":true}]}}