{"id":5127,"date":"2023-12-19T16:00:34","date_gmt":"2023-12-19T16:00:34","guid":{"rendered":"https:\/\/test.belemdopara.org\/cim_mesecvi\/?page_id=5127"},"modified":"2024-09-03T23:30:56","modified_gmt":"2024-09-03T23:30:56","slug":"second-hemispheric-report-on-the-implementation-of-the-belem-do-para-convention","status":"publish","type":"page","link":"https:\/\/test.belemdopara.org\/cim_mesecvi\/second-hemispheric-report-on-the-implementation-of-the-belem-do-para-convention\/","title":{"rendered":"Second Hemispheric Report on the Implementation of the Bel\u00e9m do Par\u00e1 Convention"},"content":{"rendered":"\t\t<div data-elementor-type=\"wp-page\" data-elementor-id=\"5127\" class=\"elementor elementor-5127\" data-elementor-settings=\"{&quot;ha_cmc_init_switcher&quot;:&quot;no&quot;}\" data-elementor-post-type=\"page\">\n\t\t\t\t\t\t<section class=\"elementor-section elementor-top-section elementor-element elementor-element-5b8fe39a elementor-section-full_width elementor-section-height-default elementor-section-height-default\" data-id=\"5b8fe39a\" data-element_type=\"section\" data-settings=\"{&quot;_ha_eqh_enable&quot;:false}\">\n\t\t\t\t\t\t<div class=\"elementor-container elementor-column-gap-default\">\n\t\t\t\t\t\t<\/div>\n\t\t<\/section>\n\t\t\t\t<section class=\"elementor-section elementor-top-section elementor-element elementor-element-6ee03def elementor-section-full_width elementor-section-height-default elementor-section-height-default\" data-id=\"6ee03def\" data-element_type=\"section\" data-settings=\"{&quot;background_background&quot;:&quot;classic&quot;,&quot;_ha_eqh_enable&quot;:false}\">\n\t\t\t\t\t\t<div class=\"elementor-container elementor-column-gap-default\">\n\t\t\t\t\t<div class=\"elementor-column elementor-col-100 elementor-top-column elementor-element elementor-element-54984a3c\" data-id=\"54984a3c\" data-element_type=\"column\">\n\t\t\t<div class=\"elementor-widget-wrap elementor-element-populated\">\n\t\t\t\t\t\t<div class=\"elementor-element elementor-element-61b6b17 elementor-widget elementor-widget-ha-page-title happy-addon ha-page-title\" data-id=\"61b6b17\" data-element_type=\"widget\" data-widget_type=\"ha-page-title.default\">\n\t\t\t\t<div class=\"elementor-widget-container\">\n\t\t\t\t\t<h1 class=\"ha-page-title elementor-size-default\">Second Hemispheric Report on the Implementation of the Bel\u00e9m do Par\u00e1 Convention<\/h1>\t\t\t\t<\/div>\n\t\t\t\t<\/div>\n\t\t\t\t<div class=\"elementor-element elementor-element-7db86028 elementor-align-left elementor-widget elementor-widget-breadcrumbs\" data-id=\"7db86028\" data-element_type=\"widget\" data-widget_type=\"breadcrumbs.default\">\n\t\t\t\t<div class=\"elementor-widget-container\">\n\t\t\t\t\t<p id=\"breadcrumbs\"><span><span><a href=\"https:\/\/test.belemdopara.org\/cim_mesecvi\/\">Portada<\/a><\/span><\/span><\/p>\t\t\t\t<\/div>\n\t\t\t\t<\/div>\n\t\t\t\t<div class=\"elementor-element elementor-element-54c87e61 elementor-widget elementor-widget-spacer\" data-id=\"54c87e61\" data-element_type=\"widget\" data-widget_type=\"spacer.default\">\n\t\t\t\t<div class=\"elementor-widget-container\">\n\t\t\t\t\t\t\t<div class=\"elementor-spacer\">\n\t\t\t<div class=\"elementor-spacer-inner\"><\/div>\n\t\t<\/div>\n\t\t\t\t\t\t<\/div>\n\t\t\t\t<\/div>\n\t\t\t\t\t<\/div>\n\t\t<\/div>\n\t\t\t\t\t<\/div>\n\t\t<\/section>\n\t\t\t\t<section class=\"elementor-section elementor-top-section elementor-element elementor-element-2bef3e25 elementor-section-boxed elementor-section-height-default elementor-section-height-default\" data-id=\"2bef3e25\" data-element_type=\"section\" data-settings=\"{&quot;_ha_eqh_enable&quot;:false}\">\n\t\t\t\t\t\t<div class=\"elementor-container elementor-column-gap-default\">\n\t\t\t\t\t<div class=\"elementor-column elementor-col-100 elementor-top-column elementor-element elementor-element-3f920b4\" data-id=\"3f920b4\" data-element_type=\"column\">\n\t\t\t<div class=\"elementor-widget-wrap elementor-element-populated\">\n\t\t\t\t\t\t<div class=\"elementor-element elementor-element-c7eac0 elementor-widget elementor-widget-spacer\" data-id=\"c7eac0\" data-element_type=\"widget\" data-widget_type=\"spacer.default\">\n\t\t\t\t<div class=\"elementor-widget-container\">\n\t\t\t\t\t\t\t<div class=\"elementor-spacer\">\n\t\t\t<div class=\"elementor-spacer-inner\"><\/div>\n\t\t<\/div>\n\t\t\t\t\t\t<\/div>\n\t\t\t\t<\/div>\n\t\t\t\t\t<\/div>\n\t\t<\/div>\n\t\t\t\t\t<\/div>\n\t\t<\/section>\n\t\t\t\t<section class=\"elementor-section elementor-top-section elementor-element elementor-element-4017990d elementor-section-boxed elementor-section-height-default elementor-section-height-default\" data-id=\"4017990d\" data-element_type=\"section\" data-settings=\"{&quot;_ha_eqh_enable&quot;:false}\">\n\t\t\t\t\t\t<div class=\"elementor-container elementor-column-gap-default\">\n\t\t\t\t\t<div class=\"elementor-column elementor-col-33 elementor-top-column elementor-element elementor-element-2c20d534\" data-id=\"2c20d534\" data-element_type=\"column\">\n\t\t\t<div class=\"elementor-widget-wrap elementor-element-populated\">\n\t\t\t\t\t\t<div class=\"elementor-element elementor-element-5ae5a9f6 elementor-widget elementor-widget-html\" data-id=\"5ae5a9f6\" data-element_type=\"widget\" data-widget_type=\"html.default\">\n\t\t\t\t<div class=\"elementor-widget-container\">\n\t\t\t\t\t    <div class=\"image-container\">\r\n        <img decoding=\"async\" src=\"https:\/\/test.belemdopara.org\/wp-content\/uploads\/2024\/08\/4-1.png\" alt=\"Imagen centrada\" class=\"centered-image\">\r\n    <\/div>\t\t\t\t<\/div>\n\t\t\t\t<\/div>\n\t\t\t\t<div class=\"elementor-element elementor-element-49fe2fea elementor-widget-divider--view-line elementor-widget elementor-widget-divider\" data-id=\"49fe2fea\" data-element_type=\"widget\" data-widget_type=\"divider.default\">\n\t\t\t\t<div class=\"elementor-widget-container\">\n\t\t\t\t\t\t\t<div class=\"elementor-divider\">\n\t\t\t<span class=\"elementor-divider-separator\">\n\t\t\t\t\t\t<\/span>\n\t\t<\/div>\n\t\t\t\t\t\t<\/div>\n\t\t\t\t<\/div>\n\t\t\t\t<div class=\"elementor-element elementor-element-44aa4a19 elementor-widget elementor-widget-text-editor\" data-id=\"44aa4a19\" data-element_type=\"widget\" data-widget_type=\"text-editor.default\">\n\t\t\t\t<div class=\"elementor-widget-container\">\n\t\t\t\t\t\t\t\t\t<p><strong>Second Hemispheric Report on the Implementation of the Bel\u00e9m do Par\u00e1 Convention<\/strong><\/p>\t\t\t\t\t\t\t\t<\/div>\n\t\t\t\t<\/div>\n\t\t\t\t\t<\/div>\n\t\t<\/div>\n\t\t\t\t<div class=\"elementor-column elementor-col-66 elementor-top-column elementor-element elementor-element-47083b88\" data-id=\"47083b88\" data-element_type=\"column\">\n\t\t\t<div class=\"elementor-widget-wrap elementor-element-populated\">\n\t\t\t\t\t\t<div class=\"elementor-element elementor-element-63bf461d elementor-widget elementor-widget-heading\" data-id=\"63bf461d\" data-element_type=\"widget\" data-widget_type=\"heading.default\">\n\t\t\t\t<div class=\"elementor-widget-container\">\n\t\t\t\t\t<h2 class=\"elementor-heading-title elementor-size-default\">Overview<\/h2>\t\t\t\t<\/div>\n\t\t\t\t<\/div>\n\t\t\t\t<div class=\"elementor-element elementor-element-27fb20b0 elementor-widget-divider--view-line elementor-widget elementor-widget-divider\" data-id=\"27fb20b0\" data-element_type=\"widget\" data-widget_type=\"divider.default\">\n\t\t\t\t<div class=\"elementor-widget-container\">\n\t\t\t\t\t\t\t<div class=\"elementor-divider\">\n\t\t\t<span class=\"elementor-divider-separator\">\n\t\t\t\t\t\t<\/span>\n\t\t<\/div>\n\t\t\t\t\t\t<\/div>\n\t\t\t\t<\/div>\n\t\t\t\t<div class=\"elementor-element elementor-element-17d62b70 elementor-widget elementor-widget-text-editor\" data-id=\"17d62b70\" data-element_type=\"widget\" data-widget_type=\"text-editor.default\">\n\t\t\t\t<div class=\"elementor-widget-container\">\n\t\t\t\t\t\t\t\t\t<p align=\"justify\">The Second Hemispheric Report reviews the progress made by the States Party in their implementation of the Bel\u00e9m do Par\u00e1 Convention, as well as the significant challenges that remain in the region in terms of a timely, appropriate and effective response to acts of violence against women, from a perspective of human rights.<\/p><p align=\"justify\">The Report consolidates the results and recommendations from the 28 national reports presented to the MESECVI during the Second Multilaterial Evaluation Round, and offers a comparative overview of the progress made between the First and Second Rounds.<\/p><p align=\"justify\">Download the full publication in:\u00a0<a href=\"https:\/\/test.belemdopara.org\/wp-content\/uploads\/2021\/12\/MESECVI-SegundoInformeHemisferico-EN.pdf\" target=\"_blank\" rel=\"noopener\">English<\/a>\u00a0or\u00a0<a href=\"https:\/\/test.belemdopara.org\/wp-content\/uploads\/2021\/12\/MESECVI-SegundoInformeHemisferico-ES.pdf\" target=\"_blank\" rel=\"noopener\">Spanish<\/a><\/p>\t\t\t\t\t\t\t\t<\/div>\n\t\t\t\t<\/div>\n\t\t\t\t<div class=\"elementor-element elementor-element-c68f2ad elementor-widget-divider--view-line elementor-widget elementor-widget-divider\" data-id=\"c68f2ad\" data-element_type=\"widget\" data-widget_type=\"divider.default\">\n\t\t\t\t<div class=\"elementor-widget-container\">\n\t\t\t\t\t\t\t<div class=\"elementor-divider\">\n\t\t\t<span class=\"elementor-divider-separator\">\n\t\t\t\t\t\t<\/span>\n\t\t<\/div>\n\t\t\t\t\t\t<\/div>\n\t\t\t\t<\/div>\n\t\t\t\t\t<\/div>\n\t\t<\/div>\n\t\t\t\t\t<\/div>\n\t\t<\/section>\n\t\t\t\t<\/div>\n\t\t","protected":false},"excerpt":{"rendered":"<p>Second Hemispheric Report on the Implementation of the Bel\u00e9m do Par\u00e1 Convention Second Hemispheric Report on the Implementation of the Bel\u00e9m do Par\u00e1 Convention Overview The Second Hemispheric Report reviews the progress made by the States Party in their implementation of the Bel\u00e9m do Par\u00e1 Convention, as well as the significant challenges that remain in [&hellip;]<\/p>\n","protected":false},"author":2,"featured_media":0,"parent":0,"menu_order":0,"comment_status":"closed","ping_status":"closed","template":"","meta":{"site-sidebar-layout":"no-sidebar","site-content-layout":"page-builder","ast-site-content-layout":"full-width-container","site-content-style":"default","site-sidebar-style":"default","ast-global-header-display":"","ast-banner-title-visibility":"","ast-main-header-display":"","ast-hfb-above-header-display":"","ast-hfb-below-header-display":"","ast-hfb-mobile-header-display":"","site-post-title":"disabled","ast-breadcrumbs-content":"","ast-featured-img":"disabled","footer-sml-layout":"","theme-transparent-header-meta":"","adv-header-id-meta":"","stick-header-meta":"","header-above-stick-meta":"","header-main-stick-meta":"","header-below-stick-meta":"","astra-migrate-meta-layouts":"set","ast-page-background-enabled":"default","ast-page-background-meta":{"desktop":{"background-color":"var(--ast-global-color-4)","background-image":"","background-repeat":"repeat","background-position":"center center","background-size":"auto","background-attachment":"scroll","background-type":"","background-media":"","overlay-type":"","overlay-color":"","overlay-opacity":"","overlay-gradient":""},"tablet":{"background-color":"","background-image":"","background-repeat":"repeat","background-position":"center center","background-size":"auto","background-attachment":"scroll","background-type":"","background-media":"","overlay-type":"","overlay-color":"","overlay-opacity":"","overlay-gradient":""},"mobile":{"background-color":"","background-image":"","background-repeat":"repeat","background-position":"center center","background-size":"auto","background-attachment":"scroll","background-type":"","background-media":"","overlay-type":"","overlay-color":"","overlay-opacity":"","overlay-gradient":""}},"ast-content-background-meta":{"desktop":{"background-color":"var(--ast-global-color-5)","background-image":"","background-repeat":"repeat","background-position":"center center","background-size":"auto","background-attachment":"scroll","background-type":"","background-media":"","overlay-type":"","overlay-color":"","overlay-opacity":"","overlay-gradient":""},"tablet":{"background-color":"var(--ast-global-color-5)","background-image":"","background-repeat":"repeat","background-position":"center center","background-size":"auto","background-attachment":"scroll","background-type":"","background-media":"","overlay-type":"","overlay-color":"","overlay-opacity":"","overlay-gradient":""},"mobile":{"background-color":"var(--ast-global-color-5)","background-image":"","background-repeat":"repeat","background-position":"center center","background-size":"auto","background-attachment":"scroll","background-type":"","background-media":"","overlay-type":"","overlay-color":"","overlay-opacity":"","overlay-gradient":""}},"footnotes":""},"class_list":["post-5127","page","type-page","status-publish","hentry"],"yoast_head":"<!-- This site is optimized with the Yoast SEO plugin v26.0 - https:\/\/yoast.com\/wordpress\/plugins\/seo\/ -->\n<title>Second Hemispheric Report on the Implementation of the Bel\u00e9m do Par\u00e1 Convention - MESECVI_EN<\/title>\n<meta name=\"robots\" content=\"index, follow, max-snippet:-1, max-image-preview:large, max-video-preview:-1\" \/>\n<link rel=\"canonical\" href=\"https:\/\/test.belemdopara.org\/cim_mesecvi\/second-hemispheric-report-on-the-implementation-of-the-belem-do-para-convention\/\" \/>\n<meta property=\"og:locale\" content=\"es_ES\" \/>\n<meta property=\"og:type\" content=\"article\" \/>\n<meta property=\"og:title\" content=\"Second Hemispheric Report on the Implementation of the Bel\u00e9m do Par\u00e1 Convention - MESECVI_EN\" \/>\n<meta property=\"og:description\" content=\"Second Hemispheric Report on the Implementation of the Bel\u00e9m do Par\u00e1 Convention Second Hemispheric Report on the Implementation of the Bel\u00e9m do Par\u00e1 Convention Overview The Second Hemispheric Report reviews the progress made by the States Party in their implementation of the Bel\u00e9m do Par\u00e1 Convention, as well as the significant challenges that remain in [&hellip;]\" \/>\n<meta property=\"og:url\" content=\"https:\/\/test.belemdopara.org\/cim_mesecvi\/second-hemispheric-report-on-the-implementation-of-the-belem-do-para-convention\/\" \/>\n<meta property=\"og:site_name\" content=\"MESECVI_EN\" \/>\n<meta property=\"article:modified_time\" content=\"2024-09-03T23:30:56+00:00\" \/>\n<meta property=\"og:image\" content=\"https:\/\/test.belemdopara.org\/wp-content\/uploads\/2024\/08\/4-1.png\" \/>\n<meta name=\"twitter:card\" content=\"summary_large_image\" \/>\n<meta name=\"twitter:label1\" content=\"Tiempo de lectura\" \/>\n\t<meta name=\"twitter:data1\" content=\"1 minuto\" \/>\n<script type=\"application\/ld+json\" class=\"yoast-schema-graph\">{\"@context\":\"https:\/\/schema.org\",\"@graph\":[{\"@type\":\"WebPage\",\"@id\":\"https:\/\/test.belemdopara.org\/cim_mesecvi\/second-hemispheric-report-on-the-implementation-of-the-belem-do-para-convention\/\",\"url\":\"https:\/\/test.belemdopara.org\/cim_mesecvi\/second-hemispheric-report-on-the-implementation-of-the-belem-do-para-convention\/\",\"name\":\"Second Hemispheric Report on the Implementation of the Bel\u00e9m do Par\u00e1 Convention - MESECVI_EN\",\"isPartOf\":{\"@id\":\"https:\/\/test.belemdopara.org\/cim_mesecvi\/#website\"},\"primaryImageOfPage\":{\"@id\":\"https:\/\/test.belemdopara.org\/cim_mesecvi\/second-hemispheric-report-on-the-implementation-of-the-belem-do-para-convention\/#primaryimage\"},\"image\":{\"@id\":\"https:\/\/test.belemdopara.org\/cim_mesecvi\/second-hemispheric-report-on-the-implementation-of-the-belem-do-para-convention\/#primaryimage\"},\"thumbnailUrl\":\"https:\/\/test.belemdopara.org\/wp-content\/uploads\/2024\/08\/4-1.png\",\"datePublished\":\"2023-12-19T16:00:34+00:00\",\"dateModified\":\"2024-09-03T23:30:56+00:00\",\"breadcrumb\":{\"@id\":\"https:\/\/test.belemdopara.org\/cim_mesecvi\/second-hemispheric-report-on-the-implementation-of-the-belem-do-para-convention\/#breadcrumb\"},\"inLanguage\":\"es\",\"potentialAction\":[{\"@type\":\"ReadAction\",\"target\":[\"https:\/\/test.belemdopara.org\/cim_mesecvi\/second-hemispheric-report-on-the-implementation-of-the-belem-do-para-convention\/\"]}]},{\"@type\":\"ImageObject\",\"inLanguage\":\"es\",\"@id\":\"https:\/\/test.belemdopara.org\/cim_mesecvi\/second-hemispheric-report-on-the-implementation-of-the-belem-do-para-convention\/#primaryimage\",\"url\":\"https:\/\/test.belemdopara.org\/wp-content\/uploads\/2024\/08\/4-1.png\",\"contentUrl\":\"https:\/\/test.belemdopara.org\/wp-content\/uploads\/2024\/08\/4-1.png\"},{\"@type\":\"BreadcrumbList\",\"@id\":\"https:\/\/test.belemdopara.org\/cim_mesecvi\/second-hemispheric-report-on-the-implementation-of-the-belem-do-para-convention\/#breadcrumb\",\"itemListElement\":[{\"@type\":\"ListItem\",\"position\":1,\"name\":\"Portada\",\"item\":\"https:\/\/test.belemdopara.org\/cim_mesecvi\/\"},{\"@type\":\"ListItem\",\"position\":2,\"name\":\"Second Hemispheric Report on the Implementation of the Bel\u00e9m do Par\u00e1 Convention\"}]},{\"@type\":\"WebSite\",\"@id\":\"https:\/\/test.belemdopara.org\/cim_mesecvi\/#website\",\"url\":\"https:\/\/test.belemdopara.org\/cim_mesecvi\/\",\"name\":\"MESECVI_EN\",\"description\":\"\",\"publisher\":{\"@id\":\"https:\/\/test.belemdopara.org\/cim_mesecvi\/#organization\"},\"potentialAction\":[{\"@type\":\"SearchAction\",\"target\":{\"@type\":\"EntryPoint\",\"urlTemplate\":\"https:\/\/test.belemdopara.org\/cim_mesecvi\/?s={search_term_string}\"},\"query-input\":{\"@type\":\"PropertyValueSpecification\",\"valueRequired\":true,\"valueName\":\"search_term_string\"}}],\"inLanguage\":\"es\"},{\"@type\":\"Organization\",\"@id\":\"https:\/\/test.belemdopara.org\/cim_mesecvi\/#organization\",\"name\":\"MESECVI_EN\",\"url\":\"https:\/\/test.belemdopara.org\/cim_mesecvi\/\",\"logo\":{\"@type\":\"ImageObject\",\"inLanguage\":\"es\",\"@id\":\"https:\/\/test.belemdopara.org\/cim_mesecvi\/#\/schema\/logo\/image\/\",\"url\":\"https:\/\/test.belemdopara.org\/cim_mesecvi\/wp-content\/uploads\/sites\/2\/2021\/12\/Logo-OEA_CIM_MESECVI-04.png\",\"contentUrl\":\"https:\/\/test.belemdopara.org\/cim_mesecvi\/wp-content\/uploads\/sites\/2\/2021\/12\/Logo-OEA_CIM_MESECVI-04.png\",\"width\":1667,\"height\":2333,\"caption\":\"MESECVI_EN\"},\"image\":{\"@id\":\"https:\/\/test.belemdopara.org\/cim_mesecvi\/#\/schema\/logo\/image\/\"}}]}<\/script>\n<!-- \/ Yoast SEO plugin. -->","yoast_head_json":{"title":"Second Hemispheric Report on the Implementation of the Bel\u00e9m do Par\u00e1 Convention - MESECVI_EN","robots":{"index":"index","follow":"follow","max-snippet":"max-snippet:-1","max-image-preview":"max-image-preview:large","max-video-preview":"max-video-preview:-1"},"canonical":"https:\/\/test.belemdopara.org\/cim_mesecvi\/second-hemispheric-report-on-the-implementation-of-the-belem-do-para-convention\/","og_locale":"es_ES","og_type":"article","og_title":"Second Hemispheric Report on the Implementation of the Bel\u00e9m do Par\u00e1 Convention - MESECVI_EN","og_description":"Second Hemispheric Report on the Implementation of the Bel\u00e9m do Par\u00e1 Convention Second Hemispheric Report on the Implementation of the Bel\u00e9m do Par\u00e1 Convention Overview The Second Hemispheric Report reviews the progress made by the States Party in their implementation of the Bel\u00e9m do Par\u00e1 Convention, as well as the significant challenges that remain in [&hellip;]","og_url":"https:\/\/test.belemdopara.org\/cim_mesecvi\/second-hemispheric-report-on-the-implementation-of-the-belem-do-para-convention\/","og_site_name":"MESECVI_EN","article_modified_time":"2024-09-03T23:30:56+00:00","og_image":[{"url":"https:\/\/test.belemdopara.org\/wp-content\/uploads\/2024\/08\/4-1.png","type":"","width":"","height":""}],"twitter_card":"summary_large_image","twitter_misc":{"Tiempo de lectura":"1 minuto"},"schema":{"@context":"https:\/\/schema.org","@graph":[{"@type":"WebPage","@id":"https:\/\/test.belemdopara.org\/cim_mesecvi\/second-hemispheric-report-on-the-implementation-of-the-belem-do-para-convention\/","url":"https:\/\/test.belemdopara.org\/cim_mesecvi\/second-hemispheric-report-on-the-implementation-of-the-belem-do-para-convention\/","name":"Second Hemispheric Report on the Implementation of the Bel\u00e9m do Par\u00e1 Convention - MESECVI_EN","isPartOf":{"@id":"https:\/\/test.belemdopara.org\/cim_mesecvi\/#website"},"primaryImageOfPage":{"@id":"https:\/\/test.belemdopara.org\/cim_mesecvi\/second-hemispheric-report-on-the-implementation-of-the-belem-do-para-convention\/#primaryimage"},"image":{"@id":"https:\/\/test.belemdopara.org\/cim_mesecvi\/second-hemispheric-report-on-the-implementation-of-the-belem-do-para-convention\/#primaryimage"},"thumbnailUrl":"https:\/\/test.belemdopara.org\/wp-content\/uploads\/2024\/08\/4-1.png","datePublished":"2023-12-19T16:00:34+00:00","dateModified":"2024-09-03T23:30:56+00:00","breadcrumb":{"@id":"https:\/\/test.belemdopara.org\/cim_mesecvi\/second-hemispheric-report-on-the-implementation-of-the-belem-do-para-convention\/#breadcrumb"},"inLanguage":"es","potentialAction":[{"@type":"ReadAction","target":["https:\/\/test.belemdopara.org\/cim_mesecvi\/second-hemispheric-report-on-the-implementation-of-the-belem-do-para-convention\/"]}]},{"@type":"ImageObject","inLanguage":"es","@id":"https:\/\/test.belemdopara.org\/cim_mesecvi\/second-hemispheric-report-on-the-implementation-of-the-belem-do-para-convention\/#primaryimage","url":"https:\/\/test.belemdopara.org\/wp-content\/uploads\/2024\/08\/4-1.png","contentUrl":"https:\/\/test.belemdopara.org\/wp-content\/uploads\/2024\/08\/4-1.png"},{"@type":"BreadcrumbList","@id":"https:\/\/test.belemdopara.org\/cim_mesecvi\/second-hemispheric-report-on-the-implementation-of-the-belem-do-para-convention\/#breadcrumb","itemListElement":[{"@type":"ListItem","position":1,"name":"Portada","item":"https:\/\/test.belemdopara.org\/cim_mesecvi\/"},{"@type":"ListItem","position":2,"name":"Second Hemispheric Report on the Implementation of the Bel\u00e9m do Par\u00e1 Convention"}]},{"@type":"WebSite","@id":"https:\/\/test.belemdopara.org\/cim_mesecvi\/#website","url":"https:\/\/test.belemdopara.org\/cim_mesecvi\/","name":"MESECVI_EN","description":"","publisher":{"@id":"https:\/\/test.belemdopara.org\/cim_mesecvi\/#organization"},"potentialAction":[{"@type":"SearchAction","target":{"@type":"EntryPoint","urlTemplate":"https:\/\/test.belemdopara.org\/cim_mesecvi\/?s={search_term_string}"},"query-input":{"@type":"PropertyValueSpecification","valueRequired":true,"valueName":"search_term_string"}}],"inLanguage":"es"},{"@type":"Organization","@id":"https:\/\/test.belemdopara.org\/cim_mesecvi\/#organization","name":"MESECVI_EN","url":"https:\/\/test.belemdopara.org\/cim_mesecvi\/","logo":{"@type":"ImageObject","inLanguage":"es","@id":"https:\/\/test.belemdopara.org\/cim_mesecvi\/#\/schema\/logo\/image\/","url":"https:\/\/test.belemdopara.org\/cim_mesecvi\/wp-content\/uploads\/sites\/2\/2021\/12\/Logo-OEA_CIM_MESECVI-04.png","contentUrl":"https:\/\/test.belemdopara.org\/cim_mesecvi\/wp-content\/uploads\/sites\/2\/2021\/12\/Logo-OEA_CIM_MESECVI-04.png","width":1667,"height":2333,"caption":"MESECVI_EN"},"image":{"@id":"https:\/\/test.belemdopara.org\/cim_mesecvi\/#\/schema\/logo\/image\/"}}]}},"_links":{"self":[{"href":"https:\/\/test.belemdopara.org\/cim_mesecvi\/wp-json\/wp\/v2\/pages\/5127","targetHints":{"allow":["GET"]}}],"collection":[{"href":"https:\/\/test.belemdopara.org\/cim_mesecvi\/wp-json\/wp\/v2\/pages"}],"about":[{"href":"https:\/\/test.belemdopara.org\/cim_mesecvi\/wp-json\/wp\/v2\/types\/page"}],"author":[{"embeddable":true,"href":"https:\/\/test.belemdopara.org\/cim_mesecvi\/wp-json\/wp\/v2\/users\/2"}],"replies":[{"embeddable":true,"href":"https:\/\/test.belemdopara.org\/cim_mesecvi\/wp-json\/wp\/v2\/comments?post=5127"}],"version-history":[{"count":11,"href":"https:\/\/test.belemdopara.org\/cim_mesecvi\/wp-json\/wp\/v2\/pages\/5127\/revisions"}],"predecessor-version":[{"id":5854,"href":"https:\/\/test.belemdopara.org\/cim_mesecvi\/wp-json\/wp\/v2\/pages\/5127\/revisions\/5854"}],"wp:attachment":[{"href":"https:\/\/test.belemdopara.org\/cim_mesecvi\/wp-json\/wp\/v2\/media?parent=5127"}],"curies":[{"name":"wp","href":"https:\/\/api.w.org\/{rel}","templated":true}]}}